{"id":20,"date":"2023-11-04T20:34:13","date_gmt":"2023-11-04T19:34:13","guid":{"rendered":"https:\/\/division-d.com\/divisiond\/?page_id=20"},"modified":"2023-12-14T06:36:59","modified_gmt":"2023-12-14T05:36:59","slug":"division-d-productions","status":"publish","type":"page","link":"https:\/\/division-d.com\/de\/","title":{"rendered":"Division Dee Productions"},"content":{"rendered":"\n<p>Willkommen bei Division Dee: Wo die Vorstellungskraft keine Grenzen kennt!<\/p>\n\n\n\n<p>Bei Division Dee sind wir leidenschaftlich daran interessiert, Geschichten in all ihren Formen zu erz\u00e4hlen. Egal, ob Sie ein Fan von visuell fesselnden Online-Comics, fesselnden auf YouTube erz\u00e4hlten Romanen, fesselnden H\u00f6rb\u00fcchern, praktischen E-Books oder dem zeitlosen Charme klassischer gedruckter Romane sind, wir haben f\u00fcr jeden B\u00fccherliebhaber etwas dabei.<\/p>\n\n\n\n<p><strong>Entdecken Sie unser vielf\u00e4ltiges Universum:<\/strong><\/p>\n\n\n\n<p><strong>Online-Comics:<\/strong> Tauchen Sie ein in eine Welt lebendiger Illustrationen und fesselnder Erz\u00e4hlungen mit unseren Online-Comics. Von Superhelden bis zu fantastischen Reichen bringen unsere talentierten K\u00fcnstler Geschichten auf eine Weise zum Leben, die Sie sehns\u00fcchtig auf das n\u00e4chste Panel warten l\u00e4sst.<\/p>\n\n\n\n<p><strong>YouTube-erz\u00e4hlte Romane:<\/strong> Erleben Sie die Magie des Geschichtenerz\u00e4hlens durch unsere auf YouTube erz\u00e4hlten Romane. Lassen Sie sich von den beruhigenden Stimmen unserer Erz\u00e4hler in verschiedene Welten entf\u00fchren, die Geschichten weben, die Ihre Vorstellungskraft einfangen und Sie von der ersten bis zur letzten Silbe fesseln.<\/p>\n\n\n\n<p><strong>H\u00f6rb\u00fccher:<\/strong> F\u00fcr diejenigen, die unterwegs zuh\u00f6ren m\u00f6chten, bieten unsere H\u00f6rb\u00fccher die perfekte L\u00f6sung. Tauchen Sie ein in aufregende Abenteuer oder herzergreifende Geschichten, die fachm\u00e4nnisch erz\u00e4hlt werden, um ein bereicherndes H\u00f6rerlebnis zu bieten.<\/p>\n\n\n\n<p><strong>E-Books:<\/strong> Genie\u00dfen Sie die Bequemlichkeit des Lesens jederzeit und \u00fcberall mit unserer Sammlung von E-Books. Egal, ob Sie sich f\u00fcr Mysterien, Romantik, Science Fiction oder historische Epen interessieren, wir haben eine breite Palette von Titeln, die jeden Geschmack treffen.<\/p>\n\n\n\n<p><strong>Klassische gedruckte Romane:<\/strong> F\u00fcr die traditionellen Leseratten, die das Gef\u00fchl eines physischen Buches in den H\u00e4nden sch\u00e4tzen, bieten unsere klassischen gedruckten Romane zeitlose Geschichten, die einen Platz in Ihrem B\u00fccherregal verdienen.<\/p>\n\n\n\n<p><strong>Was spricht f\u00fcr Division Dee?<\/strong><\/p>\n\n\n\n<p><strong>Qualit\u00e4t:<\/strong> Wir sind bestrebt, hochwertige Inhalte zu liefern, die nicht nur unterhalten, sondern auch bei den Lesern Anklang finden. Jedes St\u00fcck wird sorgf\u00e4ltig kuratiert, um eine unvergessliche und angenehme Erfahrung zu gew\u00e4hrleisten.<\/p>\n\n\n\n<p><strong>Vielf\u00e4ltige Genres:<\/strong> Entdecken Sie eine Vielzahl von Genres und Themen in unserer Sammlung. Von Sci-Fi bis Romantik, Fantasy bis Mystery gibt es immer etwas Neues und Aufregendes bei Division Dee.<\/p>\n\n\n\n<p><strong>Benutzerfreundliche Plattform:<\/strong> Unsere Website ist mit Ihnen im Hinterkopf gestaltet. Navigieren Sie einfach durch unsere vielf\u00e4ltigen Angebote, entdecken Sie neue Ver\u00f6ffentlichungen und finden Sie Ihre n\u00e4chste Lieblingsgeschichte mit nur wenigen Klicks.<\/p>\n\n\n\n<p><strong>Engagierte Gemeinschaft:<\/strong> Treten Sie unserer Gemeinschaft von Lesern und Kreativen bei. Teilen Sie Ihre Gedanken, vernetzen Sie sich mit Gleichgesinnten und werden Sie Teil einer Gemeinschaft, die die Liebe zum Geschichtenerz\u00e4hlen in all ihren Formen feiert.<\/p>\n\n\n\n<p>Bereit, sich auf eine Reise der literarischen Entdeckung zu begeben? Treten Sie Division Dee bei und erleben Sie die Magie des Geschichtenerz\u00e4hlens wie nie zuvor. Ihr n\u00e4chstes Abenteuer erwartet Sie!<\/p>\n","protected":false},"excerpt":{"rendered":"<p>Willkommen bei Division Dee: Wo die Vorstellungskraft keine Grenzen kennt! Bei Division Dee sind wir leidenschaftlich daran interessiert, Geschichten in all ihren Formen zu erz\u00e4hlen. Egal, ob Sie ein Fan von visuell fesselnden Online-Comics, fesselnden auf YouTube erz\u00e4hlten Romanen, fesselnden H\u00f6rb\u00fcchern, praktischen E-Books oder dem zeitlosen Charme klassischer gedruckter Romane sind, wir haben f\u00fcr jeden &hellip; <\/p>\n<p class=\"link-more\"><a href=\"https:\/\/division-d.com\/de\/\" class=\"more-link\">Mehr <span class=\"screen-reader-text\">\u00fcber &#8222;Division Dee Productions&#8220; <\/span>Lesen<\/a><\/p>\n","protected":false},"author":2,"featured_media":8,"parent":0,"menu_order":0,"comment_status":"closed","ping_status":"closed","template":"","meta":{"footnotes":""},"class_list":["post-20","page","type-page","status-publish","has-post-thumbnail","hentry"],"_links":{"self":[{"href":"https:\/\/division-d.com\/de\/wp-json\/wp\/v2\/pages\/20","targetHints":{"allow":["GET"]}}],"collection":[{"href":"https:\/\/division-d.com\/de\/wp-json\/wp\/v2\/pages"}],"about":[{"href":"https:\/\/division-d.com\/de\/wp-json\/wp\/v2\/types\/page"}],"author":[{"embeddable":true,"href":"https:\/\/division-d.com\/de\/wp-json\/wp\/v2\/users\/2"}],"replies":[{"embeddable":true,"href":"https:\/\/division-d.com\/de\/wp-json\/wp\/v2\/comments?post=20"}],"version-history":[{"count":7,"href":"https:\/\/division-d.com\/de\/wp-json\/wp\/v2\/pages\/20\/revisions"}],"predecessor-version":[{"id":84,"href":"https:\/\/division-d.com\/de\/wp-json\/wp\/v2\/pages\/20\/revisions\/84"}],"wp:featuredmedia":[{"embeddable":true,"href":"https:\/\/division-d.com\/de\/wp-json\/wp\/v2\/media\/8"}],"wp:attachment":[{"href":"https:\/\/division-d.com\/de\/wp-json\/wp\/v2\/media?parent=20"}],"curies":[{"name":"wp","href":"https:\/\/api.w.org\/{rel}","templated":true}]}}